{"id":6491,"date":"2021-03-13T02:30:28","date_gmt":"2021-03-13T01:30:28","guid":{"rendered":"https:\/\/steelandloft.pl\/?page_id=6491"},"modified":"2021-03-15T02:05:30","modified_gmt":"2021-03-15T01:05:30","slug":"contact-us","status":"publish","type":"page","link":"https:\/\/steelandloft.pl\/en\/contact-us\/","title":{"rendered":"Contact us"},"content":{"rendered":"<p>[vc_row disable_background_image=&#8221;&#8221; content_text_aligment=&#8221;center&#8221; css=&#8221;.vc_custom_1609103017862{padding-top: 0px !important;}&#8221; simple_background_image=&#8221;4215&#8243;][vc_column]<div class=\"eltdf-elements-holder   eltdf-one-column  eltdf-responsive-mode-768 \" ><div class=\"eltdf-eh-item     \"  data-item-class=\"eltdf-eh-custom-7271\">\n\t\t<div class=\"eltdf-eh-item-inner\">\n\t\t<div class=\"eltdf-eh-item-content eltdf-eh-custom-7271\" >\n\t\t\t\t\t<\/div>\n\t<\/div>\n<\/div>\n\n<div class=\"eltdf-eh-item     \"  data-item-class=\"eltdf-eh-custom-3794\" data-1366-1600=\"281px 0 207px 0\" data-1024-1366=\"228px 0 152px\" data-768-1024=\"300px 0 230px 0\" data-680-768=\"300px 0 230px 0\" data-680=\"248px 0 165px 0\">\n\t\t<div class=\"eltdf-eh-item-inner\">\n\t\t<div class=\"eltdf-eh-item-content eltdf-eh-custom-3794\" style=\"padding: 300px 0 227px 0\">\n\t\t\t<h2 class=\"eltdf-custom-font-holder  eltdf-cf-3006  \" style=\"font-family: Open Sans;font-size: 90px;letter-spacing: 0.22em;text-transform: uppercase;color: #000000\" data-item-class=\"eltdf-cf-3006\" data-font-size-680=\"60px\">\n\t<\/h2>\t\t<\/div>\n\t<\/div>\n<\/div>\n\n<\/div>[\/vc_column][\/vc_row][vc_row content_placement=&#8221;top&#8221; row_content_width=&#8221;grid&#8221; css=&#8221;.vc_custom_1523962534372{padding-top: 115px !important;padding-bottom: 130px !important;}&#8221;][vc_column width=&#8221;1\/2&#8243;]<div class=\"eltdf-elements-holder   eltdf-four-columns  eltdf-responsive-mode-1024 \" ><div class=\"eltdf-eh-item     \"  data-item-class=\"eltdf-eh-custom-3057\" data-1366-1600=\"0 0 0 0\" data-1024-1366=\"0 0 0 25px\" data-768-1024=\"0 0 50px 0\" data-680-768=\"0 0 50px 0\" data-680=\"0 0 50px 0\">\n\t\t<div class=\"eltdf-eh-item-inner\">\n\t\t<div class=\"eltdf-eh-item-content eltdf-eh-custom-3057\" style=\"padding: 0 0 0 19px\">\n\t\t\t[vc_column_text]<\/p>\n<h2><strong>STEEL AND LOFT<\/strong><\/h2>\n<h3><span style=\"font-size: 22px; font-weight: 300;\">\u00a0<\/span><\/h3>\n<p>[\/vc_column_text][vc_column_text]<\/p>\n<div class=\"widget eltdf-custom-font-widget\">\n<p class=\"eltdf-custom-font-holder eltdf-cf-5770 \" data-item-class=\"eltdf-cf-5770\">Pu\u0142awska 34, 05-500 Piaseczno &#8211; Warszawa, Polska<\/p>\n<p class=\"eltdf-custom-font-holder eltdf-cf-5770 \" data-item-class=\"eltdf-cf-5770\">Email: <span \n                data-original-string=\"LqrBLe0xIXfNCbr8YoiOaw==b85fSxLbDt6ucKcQhsUiq3\/QCaP9gUeDmMCNguaXFgyNQk=\"\n                class=\"apbct-email-encoder\"\n                title=\"This contact has been encoded by Anti-Spam by CleanTalk. Click to decode. To finish the decoding make sure that JavaScript is enabled in your browser.\"><br \/>\n        <span class='apbct-ee-blur-group'><br \/>\n            <span class='apbct-ee-blur_email-text'>in**@st**********.pl<\/span><br \/>\n            <span class='apbct-ee-static-blur'><br \/>\n                <span class='apbct-ee-blur apbct-ee-blur_rectangle-init'><\/span><br \/>\n                <span class='apbct-ee-blur apbct-ee-blur_rectangle-soft'><\/span><br \/>\n                <span class='apbct-ee-blur apbct-ee-blur_rectangle-hard'><\/span><br \/>\n            <\/span><br \/>\n            <span class='apbct-ee-animate-blur'><br \/>\n                <span class='apbct-ee-blur apbct-ee-blur_rectangle-init apbct-ee-blur_animate-init'><\/span><br \/>\n                <span class='apbct-ee-blur apbct-ee-blur_rectangle-soft apbct-ee-blur_animate-soft'><\/span><br \/>\n                <span class='apbct-ee-blur apbct-ee-blur_rectangle-hard apbct-ee-blur_animate-hard'><\/span><br \/>\n            <\/span><br \/>\n        <\/span><br \/>\n<\/span><\/p>\n<p data-item-class=\"eltdf-cf-5770\">Telefon: 575 673 899<\/p>\n<p data-item-class=\"eltdf-cf-5770\">NIP: 521-323-1200\u00a0 |\u00a0 REGON: 142114676<\/p>\n<\/div>\n<p>[\/vc_column_text][vc_empty_space][vc_empty_space][vc_column_text]<span style=\"font-size: 22px; font-weight: 300;\">Accounts <\/span><\/p>\n<p><span \n                data-original-string=\"U5gnDsGO0jLgJABHwyvSlA==b85NPOuo5oRcm+8uUDdtf+9LQ8HEPm2s4xjBVillOoZ2bs=\"\n                class=\"apbct-email-encoder\"\n                title=\"This contact has been encoded by Anti-Spam by CleanTalk. Click to decode. To finish the decoding make sure that JavaScript is enabled in your browser.\"><br \/>\n        <span class='apbct-ee-blur-group'><br \/>\n            <span class='apbct-ee-blur_email-text'>ac******@st**********.pl<\/span><br \/>\n            <span class='apbct-ee-static-blur'><br \/>\n                <span class='apbct-ee-blur apbct-ee-blur_rectangle-init'><\/span><br \/>\n                <span class='apbct-ee-blur apbct-ee-blur_rectangle-soft'><\/span><br \/>\n                <span class='apbct-ee-blur apbct-ee-blur_rectangle-hard'><\/span><br \/>\n            <\/span><br \/>\n            <span class='apbct-ee-animate-blur'><br \/>\n                <span class='apbct-ee-blur apbct-ee-blur_rectangle-init apbct-ee-blur_animate-init'><\/span><br \/>\n                <span class='apbct-ee-blur apbct-ee-blur_rectangle-soft apbct-ee-blur_animate-soft'><\/span><br \/>\n                <span class='apbct-ee-blur apbct-ee-blur_rectangle-hard apbct-ee-blur_animate-hard'><\/span><br \/>\n            <\/span><br \/>\n        <\/span><br \/>\n<\/span>[\/vc_column_text][vc_column_text]<span style=\"font-size: 22px; font-weight: 300;\">Marketing<\/span><\/p>\n<p><span \n                data-original-string=\"YZeLGixuDs7C9528QmLmIw==b85GV0mri4iYVmiDlrb+sxz++3tIiQGFsI6yK\/pClOWjBk=\"\n                class=\"apbct-email-encoder\"\n                title=\"This contact has been encoded by Anti-Spam by CleanTalk. Click to decode. To finish the decoding make sure that JavaScript is enabled in your browser.\"><br \/>\n        <span class='apbct-ee-blur-group'><br \/>\n            <span class='apbct-ee-blur_email-text'>co********@st**********.pl<\/span><br \/>\n            <span class='apbct-ee-static-blur'><br \/>\n                <span class='apbct-ee-blur apbct-ee-blur_rectangle-init'><\/span><br \/>\n                <span class='apbct-ee-blur apbct-ee-blur_rectangle-soft'><\/span><br \/>\n                <span class='apbct-ee-blur apbct-ee-blur_rectangle-hard'><\/span><br \/>\n            <\/span><br \/>\n            <span class='apbct-ee-animate-blur'><br \/>\n                <span class='apbct-ee-blur apbct-ee-blur_rectangle-init apbct-ee-blur_animate-init'><\/span><br \/>\n                <span class='apbct-ee-blur apbct-ee-blur_rectangle-soft apbct-ee-blur_animate-soft'><\/span><br \/>\n                <span class='apbct-ee-blur apbct-ee-blur_rectangle-hard apbct-ee-blur_animate-hard'><\/span><br \/>\n            <\/span><br \/>\n        <\/span><br \/>\n<\/span>[\/vc_column_text][vc_column_text]<span style=\"font-size: 22px; font-weight: 300;\">Human resources<\/span><\/p>\n<p><span \n                data-original-string=\"0wU7fnztbp5BdYUGtb4Ueg==b85XlmkYxG7eRVaU130ie\/HJMrcmDYB8wcyzIPRrgjr80U=\"\n                class=\"apbct-email-encoder\"\n                title=\"This contact has been encoded by Anti-Spam by CleanTalk. Click to decode. To finish the decoding make sure that JavaScript is enabled in your browser.\"><br \/>\n        <span class='apbct-ee-blur-group'><br \/>\n            <span class='apbct-ee-blur_email-text'>**@st**********.pl<\/span><br \/>\n            <span class='apbct-ee-static-blur'><br \/>\n                <span class='apbct-ee-blur apbct-ee-blur_rectangle-init'><\/span><br \/>\n                <span class='apbct-ee-blur apbct-ee-blur_rectangle-soft'><\/span><br \/>\n                <span class='apbct-ee-blur apbct-ee-blur_rectangle-hard'><\/span><br \/>\n            <\/span><br \/>\n            <span class='apbct-ee-animate-blur'><br \/>\n                <span class='apbct-ee-blur apbct-ee-blur_rectangle-init apbct-ee-blur_animate-init'><\/span><br \/>\n                <span class='apbct-ee-blur apbct-ee-blur_rectangle-soft apbct-ee-blur_animate-soft'><\/span><br \/>\n                <span class='apbct-ee-blur apbct-ee-blur_rectangle-hard apbct-ee-blur_animate-hard'><\/span><br \/>\n            <\/span><br \/>\n        <\/span><br \/>\n<\/span>[\/vc_column_text][vc_column_text]*Because of the epidemiological situation, our office is open to employees only, please contact us by phone or email.[\/vc_column_text]\t\t<\/div>\n\t<\/div>\n<\/div>\n\n<\/div>[\/vc_column][vc_column width=&#8221;1\/2&#8243;][vc_column_text]<\/p>\n<h3><span style=\"font-size: 22px; font-weight: 300;\">Contact Form:<\/span><\/h3>\n<p>[\/vc_column_text][vc_empty_space height=&#8221;5px&#8221;][vc_empty_space height=&#8221;5px&#8221;][vc_raw_html]JTVCY29udGFjdC1mb3JtLTclMjBpZCUzRCUyMjY0OTQlMjIlMjB0aXRsZSUzRCUyMkNvbnRhY3QlMjB1cyUyMiU1RA==[\/vc_raw_html][\/vc_column][\/vc_row]<\/p>\n","protected":false},"excerpt":{"rendered":"<p>[vc_row disable_background_image=&#8221;&#8221; content_text_aligment=&#8221;center&#8221; css=&#8221;.vc_custom_1609103017862{padding-top: 0px !important;}&#8221; simple_background_image=&#8221;4215&#8243;][vc_column][\/vc_column][\/vc_row][vc_row content_placement=&#8221;top&#8221; row_content_width=&#8221;grid&#8221; css=&#8221;.vc_custom_1523962534372{padding-top: 115px !important;padding-bottom: 130px !important;}&#8221;][vc_column width=&#8221;1\/2&#8243;][\/vc_column][vc_column width=&#8221;1\/2&#8243;][vc_column_text] Contact Form: [\/vc_column_text][vc_empty_space height=&#8221;5px&#8221;][vc_empty_space height=&#8221;5px&#8221;][vc_raw_html]JTVCY29udGFjdC1mb3JtLTclMjBpZCUzRCUyMjY0OTQlMjIlMjB0aXRsZSUzRCUyMkNvbnRhY3QlMjB1cyUyMiU1RA==[\/vc_raw_html][\/vc_column][\/vc_row]<\/p>\n","protected":false},"author":1,"featured_media":0,"parent":0,"menu_order":0,"comment_status":"closed","ping_status":"closed","template":"full-width.php","meta":{"footnotes":""},"class_list":["post-6491","page","type-page","status-publish","hentry"],"yoast_head":"<!-- This site is optimized with the Yoast SEO plugin v22.3 - https:\/\/yoast.com\/wordpress\/plugins\/seo\/ -->\n<title>Contact us - Drzwi loftowe, \u015bcianki loftowe, meble loftowe-SteelandLoft<\/title>\n<meta name=\"robots\" content=\"index, follow, max-snippet:-1, max-image-preview:large, max-video-preview:-1\" \/>\n<link rel=\"canonical\" href=\"https:\/\/steelandloft.pl\/en\/contact-us\/\" \/>\n<meta property=\"og:locale\" content=\"en_US\" \/>\n<meta property=\"og:type\" content=\"article\" \/>\n<meta property=\"og:title\" content=\"Contact us - Drzwi loftowe, \u015bcianki loftowe, meble loftowe-SteelandLoft\" \/>\n<meta property=\"og:description\" content=\"[vc_row disable_background_image=&#8221;&#8221; content_text_aligment=&#8221;center&#8221; css=&#8221;.vc_custom_1609103017862{padding-top: 0px !important;}&#8221; simple_background_image=&#8221;4215&#8243;][vc_column][\/vc_column][\/vc_row][vc_row content_placement=&#8221;top&#8221; row_content_width=&#8221;grid&#8221; css=&#8221;.vc_custom_1523962534372{padding-top: 115px !important;padding-bottom: 130px !important;}&#8221;][vc_column width=&#8221;1\/2&#8243;][\/vc_column][vc_column width=&#8221;1\/2&#8243;][vc_column_text] Contact Form: [\/vc_column_text][vc_empty_space height=&#8221;5px&#8221;][vc_empty_space height=&#8221;5px&#8221;][vc_raw_html]JTVCY29udGFjdC1mb3JtLTclMjBpZCUzRCUyMjY0OTQlMjIlMjB0aXRsZSUzRCUyMkNvbnRhY3QlMjB1cyUyMiU1RA==[\/vc_raw_html][\/vc_column][\/vc_row]\" \/>\n<meta property=\"og:url\" content=\"https:\/\/steelandloft.pl\/en\/contact-us\/\" \/>\n<meta property=\"og:site_name\" content=\"Drzwi loftowe, \u015bcianki loftowe, meble loftowe-SteelandLoft\" \/>\n<meta property=\"article:modified_time\" content=\"2021-03-15T01:05:30+00:00\" \/>\n<meta name=\"twitter:card\" content=\"summary_large_image\" \/>\n<meta name=\"twitter:label1\" content=\"Est. reading time\" \/>\n\t<meta name=\"twitter:data1\" content=\"1 minute\" \/>\n<script type=\"application\/ld+json\" class=\"yoast-schema-graph\">{\"@context\":\"https:\/\/schema.org\",\"@graph\":[{\"@type\":\"WebPage\",\"@id\":\"https:\/\/steelandloft.pl\/en\/contact-us\/\",\"url\":\"https:\/\/steelandloft.pl\/en\/contact-us\/\",\"name\":\"Contact us - Drzwi loftowe, \u015bcianki loftowe, meble loftowe-SteelandLoft\",\"isPartOf\":{\"@id\":\"https:\/\/steelandloft.pl\/#website\"},\"datePublished\":\"2021-03-13T01:30:28+00:00\",\"dateModified\":\"2021-03-15T01:05:30+00:00\",\"breadcrumb\":{\"@id\":\"https:\/\/steelandloft.pl\/en\/contact-us\/#breadcrumb\"},\"inLanguage\":\"en-US\",\"potentialAction\":[{\"@type\":\"ReadAction\",\"target\":[\"https:\/\/steelandloft.pl\/en\/contact-us\/\"]}]},{\"@type\":\"BreadcrumbList\",\"@id\":\"https:\/\/steelandloft.pl\/en\/contact-us\/#breadcrumb\",\"itemListElement\":[{\"@type\":\"ListItem\",\"position\":1,\"name\":\"Strona g\u0142\u00f3wna\",\"item\":\"https:\/\/steelandloft.pl\/en\/loft-doors-loft-walls-loft-furniture-steel-and-loft\/\"},{\"@type\":\"ListItem\",\"position\":2,\"name\":\"Contact us\"}]},{\"@type\":\"WebSite\",\"@id\":\"https:\/\/steelandloft.pl\/#website\",\"url\":\"https:\/\/steelandloft.pl\/\",\"name\":\"Drzwi loftowe, \u015bcianki loftowe, meble loftowe-SteelandLoft\",\"description\":\"Producent drzwi loftowych, \u015bcianek loftowych, mebli industrialnych w Warszawie. Oferujemy produkcje i monta\u017c na wymiar.\",\"potentialAction\":[{\"@type\":\"SearchAction\",\"target\":{\"@type\":\"EntryPoint\",\"urlTemplate\":\"https:\/\/steelandloft.pl\/?s={search_term_string}\"},\"query-input\":\"required name=search_term_string\"}],\"inLanguage\":\"en-US\"}]}<\/script>\n<!-- \/ Yoast SEO plugin. -->","yoast_head_json":{"title":"Contact us - Drzwi loftowe, \u015bcianki loftowe, meble loftowe-SteelandLoft","robots":{"index":"index","follow":"follow","max-snippet":"max-snippet:-1","max-image-preview":"max-image-preview:large","max-video-preview":"max-video-preview:-1"},"canonical":"https:\/\/steelandloft.pl\/en\/contact-us\/","og_locale":"en_US","og_type":"article","og_title":"Contact us - Drzwi loftowe, \u015bcianki loftowe, meble loftowe-SteelandLoft","og_description":"[vc_row disable_background_image=&#8221;&#8221; content_text_aligment=&#8221;center&#8221; css=&#8221;.vc_custom_1609103017862{padding-top: 0px !important;}&#8221; simple_background_image=&#8221;4215&#8243;][vc_column][\/vc_column][\/vc_row][vc_row content_placement=&#8221;top&#8221; row_content_width=&#8221;grid&#8221; css=&#8221;.vc_custom_1523962534372{padding-top: 115px !important;padding-bottom: 130px !important;}&#8221;][vc_column width=&#8221;1\/2&#8243;][\/vc_column][vc_column width=&#8221;1\/2&#8243;][vc_column_text] Contact Form: [\/vc_column_text][vc_empty_space height=&#8221;5px&#8221;][vc_empty_space height=&#8221;5px&#8221;][vc_raw_html]JTVCY29udGFjdC1mb3JtLTclMjBpZCUzRCUyMjY0OTQlMjIlMjB0aXRsZSUzRCUyMkNvbnRhY3QlMjB1cyUyMiU1RA==[\/vc_raw_html][\/vc_column][\/vc_row]","og_url":"https:\/\/steelandloft.pl\/en\/contact-us\/","og_site_name":"Drzwi loftowe, \u015bcianki loftowe, meble loftowe-SteelandLoft","article_modified_time":"2021-03-15T01:05:30+00:00","twitter_card":"summary_large_image","twitter_misc":{"Est. reading time":"1 minute"},"schema":{"@context":"https:\/\/schema.org","@graph":[{"@type":"WebPage","@id":"https:\/\/steelandloft.pl\/en\/contact-us\/","url":"https:\/\/steelandloft.pl\/en\/contact-us\/","name":"Contact us - Drzwi loftowe, \u015bcianki loftowe, meble loftowe-SteelandLoft","isPartOf":{"@id":"https:\/\/steelandloft.pl\/#website"},"datePublished":"2021-03-13T01:30:28+00:00","dateModified":"2021-03-15T01:05:30+00:00","breadcrumb":{"@id":"https:\/\/steelandloft.pl\/en\/contact-us\/#breadcrumb"},"inLanguage":"en-US","potentialAction":[{"@type":"ReadAction","target":["https:\/\/steelandloft.pl\/en\/contact-us\/"]}]},{"@type":"BreadcrumbList","@id":"https:\/\/steelandloft.pl\/en\/contact-us\/#breadcrumb","itemListElement":[{"@type":"ListItem","position":1,"name":"Strona g\u0142\u00f3wna","item":"https:\/\/steelandloft.pl\/en\/loft-doors-loft-walls-loft-furniture-steel-and-loft\/"},{"@type":"ListItem","position":2,"name":"Contact us"}]},{"@type":"WebSite","@id":"https:\/\/steelandloft.pl\/#website","url":"https:\/\/steelandloft.pl\/","name":"Drzwi loftowe, \u015bcianki loftowe, meble loftowe-SteelandLoft","description":"Producent drzwi loftowych, \u015bcianek loftowych, mebli industrialnych w Warszawie. Oferujemy produkcje i monta\u017c na wymiar.","potentialAction":[{"@type":"SearchAction","target":{"@type":"EntryPoint","urlTemplate":"https:\/\/steelandloft.pl\/?s={search_term_string}"},"query-input":"required name=search_term_string"}],"inLanguage":"en-US"}]}},"_links":{"self":[{"href":"https:\/\/steelandloft.pl\/en\/wp-json\/wp\/v2\/pages\/6491","targetHints":{"allow":["GET"]}}],"collection":[{"href":"https:\/\/steelandloft.pl\/en\/wp-json\/wp\/v2\/pages"}],"about":[{"href":"https:\/\/steelandloft.pl\/en\/wp-json\/wp\/v2\/types\/page"}],"author":[{"embeddable":true,"href":"https:\/\/steelandloft.pl\/en\/wp-json\/wp\/v2\/users\/1"}],"replies":[{"embeddable":true,"href":"https:\/\/steelandloft.pl\/en\/wp-json\/wp\/v2\/comments?post=6491"}],"version-history":[{"count":7,"href":"https:\/\/steelandloft.pl\/en\/wp-json\/wp\/v2\/pages\/6491\/revisions"}],"predecessor-version":[{"id":6592,"href":"https:\/\/steelandloft.pl\/en\/wp-json\/wp\/v2\/pages\/6491\/revisions\/6592"}],"wp:attachment":[{"href":"https:\/\/steelandloft.pl\/en\/wp-json\/wp\/v2\/media?parent=6491"}],"curies":[{"name":"wp","href":"https:\/\/api.w.org\/{rel}","templated":true}]}}