{"id":6471,"date":"2021-03-13T02:07:09","date_gmt":"2021-03-13T01:07:09","guid":{"rendered":"https:\/\/steelandloft.pl\/?page_id=6471"},"modified":"2021-03-13T02:07:09","modified_gmt":"2021-03-13T01:07:09","slug":"architects-zone","status":"publish","type":"page","link":"https:\/\/steelandloft.pl\/en\/architects-zone\/","title":{"rendered":"Architects\u2019 zone"},"content":{"rendered":"<p>[vc_row full_width=&#8221;stretch_row&#8221; css=&#8221;.vc_custom_1609102919601{margin-top: 0px !important;padding-top: 10% !important;background-image: url(https:\/\/steelandloft.pl\/wp-content\/uploads\/2018\/04\/h8-background-img-4.jpg?id=3527) !important;background-position: center !important;background-repeat: no-repeat !important;background-size: cover !important;}&#8221;][vc_column css=&#8221;.vc_custom_1609102815128{padding-top: 0px !important;}&#8221;][vc_custom_heading text=&#8221;ARCHITECT&#8217;S ZONE&#8221; font_container=&#8221;tag:h2|font_size:70|text_align:center&#8221; google_fonts=&#8221;font_family:Open%20Sans%3A300%2C300italic%2Cregular%2Citalic%2C600%2C600italic%2C700%2C700italic%2C800%2C800italic|font_style:300%20light%20regular%3A300%3Anormal&#8221; css=&#8221;.vc_custom_1615597436577{margin-top: -5% !important;padding-top: 10% !important;padding-bottom: 10% !important;}&#8221;][\/vc_column][\/vc_row][vc_row row_content_width=&#8221;grid&#8221; css=&#8221;.vc_custom_1612656044019{padding-bottom: 111px !important;}&#8221;][vc_column offset=&#8221;vc_col-lg-4 vc_col-md-12 vc_col-xs-12&#8243;]<div class=\"eltdf-section-title-holder  eltdf-st-standard eltdf-st-title-left eltdf-st-normal-space \" style=\"text-align: left\">\n\t<div class=\"eltdf-st-inner\">\n\t\t\t\t\t<h1 class=\"eltdf-st-title\" >\n\t\t\t\tA few words about cooperation\t\t\t<\/h1>\n\t\t\t\t\t\t\t<div class=\"eltdf-separator-holder clearfix   \">\n\t<div class=\"eltdf-separator\" style=\"margin-top: 20px\"><\/div>\n<\/div>\n\t\t\t\t\t<\/div>\n<\/div>[\/vc_column][vc_column offset=&#8221;vc_col-lg-8 vc_col-md-12 vc_col-xs-12&#8243;]<div class=\"eltdf-elements-holder   eltdf-one-column  eltdf-responsive-mode-768 \" ><div class=\"eltdf-eh-item     \"  data-item-class=\"eltdf-eh-custom-6342\" data-1366-1600=\"0 0 0 4%\" data-1024-1366=\"0 0 0 0%\" data-768-1024=\"8px 0 0 0%\" data-680-768=\"8px 0 0 0%\" data-680=\"8px 0 0 0%\">\n\t\t<div class=\"eltdf-eh-item-inner\">\n\t\t<div class=\"eltdf-eh-item-content eltdf-eh-custom-6342\" style=\"padding: 0 0 0 6%\">\n\t\t\t[vc_column_text]The architect&#8217;s zone is a place of cooperation and dialogue for lovers of beautiful interiors, mainly loft style. As lovers of beautiful things, experienced creators of small and large architecture and marketers by avocation, we are always looking for new ways of development and interesting cooperation. Open to the ingenuity of representatives of the interior design industry, following new trends in construction and carpentry, we are always willing to carry out individual and commercial projects. We are ready to transform any loft or industrial interior design idea into reality. But not only. We value every new cooperation and make every effort to turn every interior design idea into a work of art.[\/vc_column_text][vc_column_text]Working with unique materials such as steel, wood, glass and concrete gives us great satisfaction in seeing them transformed into modern, timeless and harmonious designs.[\/vc_column_text][vc_column_text]The development of construction and the emergence of new trends in architecture is a requirement of society. Through our work, we are building a better society because we are responding to its needs. In the era of the real estate boom, the demand for specialists is constantly growing. Our main speciality is the manufacture and installation of loft doors and loft walls on behalf of private individuals and companies. Our portfolio is supplemented with industrial style accessories which create a common whole of loft style, i.e. appropriately selected furniture and lighting. Furniture is always created according to customer&#8217;s project. These are mainly tables, coffee tables, cabinets and shelves. Our portfolio also includes made-to-measure kitchen furniture.[\/vc_column_text][vc_column_text]The Architect&#8217;s Zone was established to invite both interior designers and offices operating in the broadly defined interior design sector to cooperate with us. We invite small developers and real estate agencies to cooperation. We invite everyone for whom beauty of interiors and loft style is close to their heart.[\/vc_column_text]\t\t<\/div>\n\t<\/div>\n<\/div>\n\n<\/div>[\/vc_column][\/vc_row][vc_row row_content_width=&#8221;grid&#8221; css=&#8221;.vc_custom_1523619463124{padding-bottom: 12px !important;background-position: center !important;background-repeat: no-repeat !important;background-size: cover !important;}&#8221; simple_background_color=&#8221;#fafafa&#8221;][vc_column offset=&#8221;vc_col-lg-5 vc_col-md-12 vc_col-xs-12&#8243;]<div class=\"eltdf-elements-holder   eltdf-one-column  eltdf-responsive-mode-768 \" ><div class=\"eltdf-eh-item     \"  data-item-class=\"eltdf-eh-custom-7420\" data-1366-1600=\"122px 63px 0 0\" data-1024-1366=\"100px 63px 0 0\" data-768-1024=\"100px 0 0 0\" data-680-768=\"100px 0 0 0\" data-680=\"100px 0 0 0\">\n\t\t<div class=\"eltdf-eh-item-inner\">\n\t\t<div class=\"eltdf-eh-item-content eltdf-eh-custom-7420\" style=\"padding: 148px 120px 13px 0\">\n\t\t\t<div class=\"eltdf-section-title-holder  eltdf-st-standard eltdf-st-title-left eltdf-st-normal-space \" style=\"text-align: left\">\n\t<div class=\"eltdf-st-inner\">\n\t\t\t\t\t<h1 class=\"eltdf-st-title\" style=\"color: #080808\">\n\t\t\t\tContact us\t\t\t<\/h1>\n\t\t\t\t\t\t\t<div class=\"eltdf-separator-holder clearfix   \">\n\t<div class=\"eltdf-separator\" ><\/div>\n<\/div>\n\t\t\t\t\t\t\t<p class=\"eltdf-st-text\" style=\"margin-top: 14px\">\n\t\t\t\tDo you work in architecture and interior design? Are you interested in our offer? Feel free to contact us.\t\t\t<\/p>\n\t\t\t<\/div>\n<\/div>\t\t<\/div>\n\t<\/div>\n<\/div>\n\n<\/div><div class=\"eltdf-elements-holder   eltdf-one-column  eltdf-responsive-mode-768 \" ><div class=\"eltdf-eh-item     \"  data-item-class=\"eltdf-eh-custom-9972\" data-1366-1600=\"12px 80px 224px 2px\" data-1024-1366=\"12px 80px 224px 2px\" data-768-1024=\"10px 0 0 0\" data-680-768=\"10px 0 0 0\" data-680=\"10px 10px 25px 10px\">\n\t\t<div class=\"eltdf-eh-item-inner\">\n\t\t<div class=\"eltdf-eh-item-content eltdf-eh-custom-9972\" style=\"padding: 12px 213px 198px 0\">\n\t\t\t<div class=\"eltdf-iwt clearfix eltdf-iwt-icon-font  eltdf-iwt-icon-left eltdf-iwt-icon-medium\">\n\t<div class=\"eltdf-iwt-icon\">\n\t\t\t\t\t\t\t\t\t    <span class=\"eltdf-icon-shortcode eltdf-normal   eltdf-icon-medium\"  data-color=\"#434343\">\n                    <i class=\"eltdf-icon-ion-icon ion-android-mail eltdf-icon-element\" style=\"color: #434343;font-size:19px\" ><\/i>            <\/span>\n\t\t\t\t\t\t<\/div>\n\t<div class=\"eltdf-iwt-content\" style=\"padding-left: 18px\">\n\t\t\t\t\t<\/div>\n\t<\/div>[vc_empty_space]<div class=\"eltdf-iwt clearfix eltdf-iwt-icon-font  eltdf-iwt-icon-left eltdf-iwt-icon-medium\">\n\t<div class=\"eltdf-iwt-icon\">\n\t\t\t\t\t\t\t\t\t    <span class=\"eltdf-icon-shortcode eltdf-normal   eltdf-icon-medium\"  data-color=\"#434343\">\n                    <i class=\"eltdf-icon-ion-icon ion-ios-telephone eltdf-icon-element\" style=\"color: #434343;font-size:19px\" ><\/i>            <\/span>\n\t\t\t\t\t\t<\/div>\n\t<div class=\"eltdf-iwt-content\" style=\"padding-left: 18px\">\n\t\t\t\t\t\t\t<p class=\"eltdf-iwt-text\" style=\"margin-top: 0px\">0048 575 673 899<\/p>\n\t\t\t<\/div>\n\t<\/div>\t\t<\/div>\n\t<\/div>\n<\/div>\n\n<\/div>[\/vc_column][vc_column offset=&#8221;vc_col-lg-7 vc_col-md-12 vc_col-xs-12&#8243; css=&#8221;.vc_custom_1523618967468{padding-top: 0px !important;}&#8221;]<div class=\"eltdf-elements-holder   eltdf-one-column  eltdf-responsive-mode-768 \" ><div class=\"eltdf-eh-item     \"  data-item-class=\"eltdf-eh-custom-6551\" data-1366-1600=\"97px 0 0 5px\" data-1024-1366=\"131px 0 0 5px\" data-768-1024=\"131px 0 126px 5px\" data-680-768=\"131px 0 126px 5px\" data-680=\"131px 0 126px 5px\">\n\t\t<div class=\"eltdf-eh-item-inner\">\n\t\t<div class=\"eltdf-eh-item-content eltdf-eh-custom-6551\" style=\"padding: 136px 10% 0 0px\">\n\t\t\t\t\t<\/div>\n\t<\/div>\n<\/div>\n\n<\/div>[\/vc_column][\/vc_row]<\/p>\n","protected":false},"excerpt":{"rendered":"<p>[vc_row full_width=&#8221;stretch_row&#8221; css=&#8221;.vc_custom_1609102919601{margin-top: 0px !important;padding-top: 10% !important;background-image: url(https:\/\/steelandloft.pl\/wp-content\/uploads\/2018\/04\/h8-background-img-4.jpg?id=3527) !important;background-position: center !important;background-repeat: no-repeat !important;background-size: cover !important;}&#8221;][vc_column css=&#8221;.vc_custom_1609102815128{padding-top: 0px !important;}&#8221;][vc_custom_heading text=&#8221;ARCHITECT&#8217;S ZONE&#8221; font_container=&#8221;tag:h2|font_size:70|text_align:center&#8221; google_fonts=&#8221;font_family:Open%20Sans%3A300%2C300italic%2Cregular%2Citalic%2C600%2C600italic%2C700%2C700italic%2C800%2C800italic|font_style:300%20light%20regular%3A300%3Anormal&#8221; css=&#8221;.vc_custom_1615597436577{margin-top: -5% !important;padding-top: 10% !important;padding-bottom: 10% !important;}&#8221;][\/vc_column][\/vc_row][vc_row row_content_width=&#8221;grid&#8221; css=&#8221;.vc_custom_1612656044019{padding-bottom: 111px !important;}&#8221;][vc_column offset=&#8221;vc_col-lg-4 vc_col-md-12 vc_col-xs-12&#8243;][\/vc_column][vc_column offset=&#8221;vc_col-lg-8 vc_col-md-12 vc_col-xs-12&#8243;][\/vc_column][\/vc_row][vc_row row_content_width=&#8221;grid&#8221; [&hellip;]<\/p>\n","protected":false},"author":1,"featured_media":0,"parent":0,"menu_order":0,"comment_status":"closed","ping_status":"closed","template":"full-width.php","meta":{"footnotes":""},"class_list":["post-6471","page","type-page","status-publish","hentry"],"yoast_head":"<!-- This site is optimized with the Yoast SEO plugin v22.3 - https:\/\/yoast.com\/wordpress\/plugins\/seo\/ -->\n<title>Architects\u2019 zone - Drzwi loftowe, \u015bcianki loftowe, meble loftowe-SteelandLoft<\/title>\n<meta name=\"robots\" content=\"index, follow, max-snippet:-1, max-image-preview:large, max-video-preview:-1\" \/>\n<link rel=\"canonical\" href=\"https:\/\/steelandloft.pl\/en\/architects-zone\/\" \/>\n<meta property=\"og:locale\" content=\"en_US\" \/>\n<meta property=\"og:type\" content=\"article\" \/>\n<meta property=\"og:title\" content=\"Architects\u2019 zone - Drzwi loftowe, \u015bcianki loftowe, meble loftowe-SteelandLoft\" \/>\n<meta property=\"og:description\" content=\"[vc_row full_width=&#8221;stretch_row&#8221; css=&#8221;.vc_custom_1609102919601{margin-top: 0px !important;padding-top: 10% !important;background-image: url(https:\/\/steelandloft.pl\/wp-content\/uploads\/2018\/04\/h8-background-img-4.jpg?id=3527) !important;background-position: center !important;background-repeat: no-repeat !important;background-size: cover !important;}&#8221;][vc_column css=&#8221;.vc_custom_1609102815128{padding-top: 0px !important;}&#8221;][vc_custom_heading text=&#8221;ARCHITECT&#8217;S ZONE&#8221; font_container=&#8221;tag:h2|font_size:70|text_align:center&#8221; google_fonts=&#8221;font_family:Open%20Sans%3A300%2C300italic%2Cregular%2Citalic%2C600%2C600italic%2C700%2C700italic%2C800%2C800italic|font_style:300%20light%20regular%3A300%3Anormal&#8221; css=&#8221;.vc_custom_1615597436577{margin-top: -5% !important;padding-top: 10% !important;padding-bottom: 10% !important;}&#8221;][\/vc_column][\/vc_row][vc_row row_content_width=&#8221;grid&#8221; css=&#8221;.vc_custom_1612656044019{padding-bottom: 111px !important;}&#8221;][vc_column offset=&#8221;vc_col-lg-4 vc_col-md-12 vc_col-xs-12&#8243;][\/vc_column][vc_column offset=&#8221;vc_col-lg-8 vc_col-md-12 vc_col-xs-12&#8243;][\/vc_column][\/vc_row][vc_row row_content_width=&#8221;grid&#8221; [&hellip;]\" \/>\n<meta property=\"og:url\" content=\"https:\/\/steelandloft.pl\/en\/architects-zone\/\" \/>\n<meta property=\"og:site_name\" content=\"Drzwi loftowe, \u015bcianki loftowe, meble loftowe-SteelandLoft\" \/>\n<meta name=\"twitter:card\" content=\"summary_large_image\" \/>\n<meta name=\"twitter:label1\" content=\"Est. reading time\" \/>\n\t<meta name=\"twitter:data1\" content=\"3 minutes\" \/>\n<script type=\"application\/ld+json\" class=\"yoast-schema-graph\">{\"@context\":\"https:\/\/schema.org\",\"@graph\":[{\"@type\":\"WebPage\",\"@id\":\"https:\/\/steelandloft.pl\/en\/architects-zone\/\",\"url\":\"https:\/\/steelandloft.pl\/en\/architects-zone\/\",\"name\":\"Architects\u2019 zone - Drzwi loftowe, \u015bcianki loftowe, meble loftowe-SteelandLoft\",\"isPartOf\":{\"@id\":\"https:\/\/steelandloft.pl\/#website\"},\"datePublished\":\"2021-03-13T01:07:09+00:00\",\"dateModified\":\"2021-03-13T01:07:09+00:00\",\"breadcrumb\":{\"@id\":\"https:\/\/steelandloft.pl\/en\/architects-zone\/#breadcrumb\"},\"inLanguage\":\"en-US\",\"potentialAction\":[{\"@type\":\"ReadAction\",\"target\":[\"https:\/\/steelandloft.pl\/en\/architects-zone\/\"]}]},{\"@type\":\"BreadcrumbList\",\"@id\":\"https:\/\/steelandloft.pl\/en\/architects-zone\/#breadcrumb\",\"itemListElement\":[{\"@type\":\"ListItem\",\"position\":1,\"name\":\"Strona g\u0142\u00f3wna\",\"item\":\"https:\/\/steelandloft.pl\/en\/loft-doors-loft-walls-loft-furniture-steel-and-loft\/\"},{\"@type\":\"ListItem\",\"position\":2,\"name\":\"Architects\u2019 zone\"}]},{\"@type\":\"WebSite\",\"@id\":\"https:\/\/steelandloft.pl\/#website\",\"url\":\"https:\/\/steelandloft.pl\/\",\"name\":\"Drzwi loftowe, \u015bcianki loftowe, meble loftowe-SteelandLoft\",\"description\":\"Producent drzwi loftowych, \u015bcianek loftowych, mebli industrialnych w Warszawie. Oferujemy produkcje i monta\u017c na wymiar.\",\"potentialAction\":[{\"@type\":\"SearchAction\",\"target\":{\"@type\":\"EntryPoint\",\"urlTemplate\":\"https:\/\/steelandloft.pl\/?s={search_term_string}\"},\"query-input\":\"required name=search_term_string\"}],\"inLanguage\":\"en-US\"}]}<\/script>\n<!-- \/ Yoast SEO plugin. -->","yoast_head_json":{"title":"Architects\u2019 zone - Drzwi loftowe, \u015bcianki loftowe, meble loftowe-SteelandLoft","robots":{"index":"index","follow":"follow","max-snippet":"max-snippet:-1","max-image-preview":"max-image-preview:large","max-video-preview":"max-video-preview:-1"},"canonical":"https:\/\/steelandloft.pl\/en\/architects-zone\/","og_locale":"en_US","og_type":"article","og_title":"Architects\u2019 zone - Drzwi loftowe, \u015bcianki loftowe, meble loftowe-SteelandLoft","og_description":"[vc_row full_width=&#8221;stretch_row&#8221; css=&#8221;.vc_custom_1609102919601{margin-top: 0px !important;padding-top: 10% !important;background-image: url(https:\/\/steelandloft.pl\/wp-content\/uploads\/2018\/04\/h8-background-img-4.jpg?id=3527) !important;background-position: center !important;background-repeat: no-repeat !important;background-size: cover !important;}&#8221;][vc_column css=&#8221;.vc_custom_1609102815128{padding-top: 0px !important;}&#8221;][vc_custom_heading text=&#8221;ARCHITECT&#8217;S ZONE&#8221; font_container=&#8221;tag:h2|font_size:70|text_align:center&#8221; google_fonts=&#8221;font_family:Open%20Sans%3A300%2C300italic%2Cregular%2Citalic%2C600%2C600italic%2C700%2C700italic%2C800%2C800italic|font_style:300%20light%20regular%3A300%3Anormal&#8221; css=&#8221;.vc_custom_1615597436577{margin-top: -5% !important;padding-top: 10% !important;padding-bottom: 10% !important;}&#8221;][\/vc_column][\/vc_row][vc_row row_content_width=&#8221;grid&#8221; css=&#8221;.vc_custom_1612656044019{padding-bottom: 111px !important;}&#8221;][vc_column offset=&#8221;vc_col-lg-4 vc_col-md-12 vc_col-xs-12&#8243;][\/vc_column][vc_column offset=&#8221;vc_col-lg-8 vc_col-md-12 vc_col-xs-12&#8243;][\/vc_column][\/vc_row][vc_row row_content_width=&#8221;grid&#8221; [&hellip;]","og_url":"https:\/\/steelandloft.pl\/en\/architects-zone\/","og_site_name":"Drzwi loftowe, \u015bcianki loftowe, meble loftowe-SteelandLoft","twitter_card":"summary_large_image","twitter_misc":{"Est. reading time":"3 minutes"},"schema":{"@context":"https:\/\/schema.org","@graph":[{"@type":"WebPage","@id":"https:\/\/steelandloft.pl\/en\/architects-zone\/","url":"https:\/\/steelandloft.pl\/en\/architects-zone\/","name":"Architects\u2019 zone - Drzwi loftowe, \u015bcianki loftowe, meble loftowe-SteelandLoft","isPartOf":{"@id":"https:\/\/steelandloft.pl\/#website"},"datePublished":"2021-03-13T01:07:09+00:00","dateModified":"2021-03-13T01:07:09+00:00","breadcrumb":{"@id":"https:\/\/steelandloft.pl\/en\/architects-zone\/#breadcrumb"},"inLanguage":"en-US","potentialAction":[{"@type":"ReadAction","target":["https:\/\/steelandloft.pl\/en\/architects-zone\/"]}]},{"@type":"BreadcrumbList","@id":"https:\/\/steelandloft.pl\/en\/architects-zone\/#breadcrumb","itemListElement":[{"@type":"ListItem","position":1,"name":"Strona g\u0142\u00f3wna","item":"https:\/\/steelandloft.pl\/en\/loft-doors-loft-walls-loft-furniture-steel-and-loft\/"},{"@type":"ListItem","position":2,"name":"Architects\u2019 zone"}]},{"@type":"WebSite","@id":"https:\/\/steelandloft.pl\/#website","url":"https:\/\/steelandloft.pl\/","name":"Drzwi loftowe, \u015bcianki loftowe, meble loftowe-SteelandLoft","description":"Producent drzwi loftowych, \u015bcianek loftowych, mebli industrialnych w Warszawie. Oferujemy produkcje i monta\u017c na wymiar.","potentialAction":[{"@type":"SearchAction","target":{"@type":"EntryPoint","urlTemplate":"https:\/\/steelandloft.pl\/?s={search_term_string}"},"query-input":"required name=search_term_string"}],"inLanguage":"en-US"}]}},"_links":{"self":[{"href":"https:\/\/steelandloft.pl\/en\/wp-json\/wp\/v2\/pages\/6471","targetHints":{"allow":["GET"]}}],"collection":[{"href":"https:\/\/steelandloft.pl\/en\/wp-json\/wp\/v2\/pages"}],"about":[{"href":"https:\/\/steelandloft.pl\/en\/wp-json\/wp\/v2\/types\/page"}],"author":[{"embeddable":true,"href":"https:\/\/steelandloft.pl\/en\/wp-json\/wp\/v2\/users\/1"}],"replies":[{"embeddable":true,"href":"https:\/\/steelandloft.pl\/en\/wp-json\/wp\/v2\/comments?post=6471"}],"version-history":[{"count":2,"href":"https:\/\/steelandloft.pl\/en\/wp-json\/wp\/v2\/pages\/6471\/revisions"}],"predecessor-version":[{"id":6473,"href":"https:\/\/steelandloft.pl\/en\/wp-json\/wp\/v2\/pages\/6471\/revisions\/6473"}],"wp:attachment":[{"href":"https:\/\/steelandloft.pl\/en\/wp-json\/wp\/v2\/media?parent=6471"}],"curies":[{"name":"wp","href":"https:\/\/api.w.org\/{rel}","templated":true}]}}