{"id":6466,"date":"2021-03-13T01:55:41","date_gmt":"2021-03-13T00:55:41","guid":{"rendered":"https:\/\/steelandloft.pl\/?page_id=6466"},"modified":"2021-03-13T01:55:41","modified_gmt":"2021-03-13T00:55:41","slug":"loft-furniture-and-built-in-furniture","status":"publish","type":"page","link":"https:\/\/steelandloft.pl\/en\/loft-furniture-and-built-in-furniture\/","title":{"rendered":"Loft furniture and built-in furniture"},"content":{"rendered":"<p>[vc_row row_content_width=&#8221;grid&#8221; disable_background_image=&#8221;&#8221; simple_background_image=&#8221;4215&#8243;][vc_column offset=&#8221;vc_col-lg-3 vc_col-md-12 vc_col-xs-12&#8243;][\/vc_column][vc_column offset=&#8221;vc_col-lg-9 vc_col-md-12 vc_col-xs-12&#8243;]<div class=\"eltdf-elements-holder   eltdf-one-column  eltdf-responsive-mode-768 \" ><div class=\"eltdf-eh-item     \"  data-item-class=\"eltdf-eh-custom-1638\" data-1366-1600=\"206px 0 0 0\" data-1024-1366=\"206px 0 0 0\" data-768-1024=\"206px 10px 0\" data-680-768=\"50px 46px 0\" data-680=\"50px 0 0 0\">\n\t\t<div class=\"eltdf-eh-item-inner\">\n\t\t<div class=\"eltdf-eh-item-content eltdf-eh-custom-1638\" style=\"padding: 206px 0 0 78px\">\n\t\t\t<div class=\"eltdf-image-with-info  eltdf-iwi-layout-content-left eltdf-iwi-content-layout-edge-of-image\">\n\t<div class=\"eltdf-image-with-info-inner\">\n\t\t<div class=\"eltdf-iwi-image\">\n\t\t\t<img loading=\"lazy\" decoding=\"async\" width=\"960\" height=\"480\" src=\"https:\/\/steelandloft.pl\/wp-content\/uploads\/2018\/04\/kuchnia-w-stylu-loft-steel-and-loft.jpg\" class=\"attachment-full size-full\" alt=\"meble loft\" srcset=\"https:\/\/steelandloft.pl\/wp-content\/uploads\/2018\/04\/kuchnia-w-stylu-loft-steel-and-loft.jpg 960w, https:\/\/steelandloft.pl\/wp-content\/uploads\/2018\/04\/kuchnia-w-stylu-loft-steel-and-loft-300x150.jpg 300w, https:\/\/steelandloft.pl\/wp-content\/uploads\/2018\/04\/kuchnia-w-stylu-loft-steel-and-loft-768x384.jpg 768w, https:\/\/steelandloft.pl\/wp-content\/uploads\/2018\/04\/kuchnia-w-stylu-loft-steel-and-loft-600x300.jpg 600w\" sizes=\"auto, (max-width: 960px) 100vw, 960px\" \/>\t\t\t<div class=\"eltdf-iwi-icons\">\n\t\t\t\t\t\t\t\t\t\t\t\t\t\t\t<a itemprop=\"url\" class=\"eltdf-iwi-icon\" href=\"https:\/\/www.facebook.com\/steelandloft\" target=\"_blank\">\n\t\t\t\t\t\t\t\t\t\t<i class=\"eltdf-icon-ion-icon ion-social-facebook \" ><\/i>\t\t\t\t\t\t\t\t\t\t\t<\/a>\n\t\t\t\t\t\t\t\t\t\t\t\t\t\t\t\t\t\t\t\t<a itemprop=\"url\" class=\"eltdf-iwi-icon\" href=\"https:\/\/www.instagram.com\/steelandloft\/\" target=\"_blank\">\n\t\t\t\t\t\t\t\t\t\t<i class=\"eltdf-icon-ion-icon ion-social-linkedin-outline \" ><\/i>\t\t\t\t\t\t\t\t\t\t\t<\/a>\n\t\t\t\t\t\t\t\t\t\t\t\t\t\t\t\t\t\t\t\t<a itemprop=\"url\" class=\"eltdf-iwi-icon\" href=\"https:\/\/twitter.com\/\" target=\"_blank\">\n\t\t\t\t\t\t\t\t\t\t<i class=\"eltdf-icon-ion-icon ion-social-twitter \" ><\/i>\t\t\t\t\t\t\t\t\t\t\t<\/a>\n\t\t\t\t\t\t\t\t\t\t\t\t\t\t\t\t\t\t\t\t<a itemprop=\"url\" class=\"eltdf-iwi-icon\" href=\"https:\/\/www.tumblr.com\/\" target=\"_blank\">\n\t\t\t\t\t\t\t\t\t\t<i class=\"eltdf-icon-ion-icon ion-social-tumblr \" ><\/i>\t\t\t\t\t\t\t\t\t\t\t<\/a>\n\t\t\t\t\t\t\t\t\t\t\t\t<\/div>\n\t\t<\/div>\n\t\t<div class=\"eltdf-iwi-content\">\n\t\t\t\t\t\t\t<span class=\"eltdf-iwi-title\">\n\t\t\t\t\tLOFT FURNITURE\t\t\t\t<\/span>\n\t\t\t\t\t\t<div class=\"eltdf-separator-holder clearfix   \">\n\t<div class=\"eltdf-separator\" ><\/div>\n<\/div>\n\t\t\t\t\t\t\t<p class=\"eltdf-iwi-text\">\n\t\t\t\t\tThe table is one of the first pieces of furniture we buy for our home. Tables in our company are made to individual order, from scratch by hand. For the production of tables we use only natural, seasoned and the most beautiful pieces of solid wood. Each top in our tables is different due to the fact that each monolith has a different grain structure, colouring and live edge. We specialise in producing tables from black oak, a raw material coming from Polish peat bogs. The equally popular tops are oak, ash and walnut monoliths, raw materials 100% sourced in Poland. The boards are usually covered with matt varnish or oil-wax. We combine the natural beauty of monoliths with legs made of another natural material - stainless steel. Steel legs are the best possible option for massive and heavy monolith tabletops. The steel is properly processed, brushed and painted in a colour chosen by the customer and available in the RAL palette. The thickness, width and length of the board and the type of legs are adjusted to each project. We work with well-known designers at home and abroad to create unique table designs to fit any style, from classic to industrial.\t\t\t\t<\/p>\n\t\t\t\t\t\t\t\t<\/div>\n\t<\/div>\n<\/div>\t\t<\/div>\n\t<\/div>\n<\/div>\n\n<\/div>[\/vc_column][\/vc_row][vc_row row_content_width=&#8221;grid&#8221; disable_background_image=&#8221;&#8221; css=&#8221;.vc_custom_1614379185129{background-position: center !important;background-repeat: no-repeat !important;background-size: cover !important;}&#8221; simple_background_image=&#8221;581&#8243;][vc_column offset=&#8221;vc_col-lg-9 vc_col-md-12 vc_col-xs-12&#8243;]<div class=\"eltdf-elements-holder   eltdf-one-column  eltdf-responsive-mode-768 \" ><div class=\"eltdf-eh-item     \"  data-item-class=\"eltdf-eh-custom-9574\" data-1366-1600=\"170px 0 0 0\" data-1024-1366=\"170px 0 0 0\" data-768-1024=\"170px 10px 0\" data-680-768=\"50px 46px 0\" data-680=\"50px 0 0 0\">\n\t\t<div class=\"eltdf-eh-item-inner\">\n\t\t<div class=\"eltdf-eh-item-content eltdf-eh-custom-9574\" style=\"padding: 170px 77px 0 0\">\n\t\t\t<div class=\"eltdf-image-with-info  eltdf-iwi-layout-content-left eltdf-iwi-content-layout-edge-of-image\">\n\t<div class=\"eltdf-image-with-info-inner\">\n\t\t<div class=\"eltdf-iwi-image\">\n\t\t\t<img loading=\"lazy\" decoding=\"async\" width=\"890\" height=\"564\" src=\"https:\/\/steelandloft.pl\/wp-content\/uploads\/2018\/04\/h9-img-2.jpg\" class=\"attachment-full size-full\" alt=\"\" srcset=\"https:\/\/steelandloft.pl\/wp-content\/uploads\/2018\/04\/h9-img-2.jpg 890w, https:\/\/steelandloft.pl\/wp-content\/uploads\/2018\/04\/h9-img-2-300x190.jpg 300w, https:\/\/steelandloft.pl\/wp-content\/uploads\/2018\/04\/h9-img-2-768x487.jpg 768w, https:\/\/steelandloft.pl\/wp-content\/uploads\/2018\/04\/h9-img-2-600x380.jpg 600w\" sizes=\"auto, (max-width: 890px) 100vw, 890px\" \/>\t\t\t<div class=\"eltdf-iwi-icons\">\n\t\t\t\t\t\t\t\t\t\t\t\t\t\t\t<a itemprop=\"url\" class=\"eltdf-iwi-icon\" href=\"https:\/\/www.facebook.com\/steelandloft\" target=\"_blank\">\n\t\t\t\t\t\t\t\t\t\t<i class=\"eltdf-icon-ion-icon ion-social-facebook \" ><\/i>\t\t\t\t\t\t\t\t\t\t\t<\/a>\n\t\t\t\t\t\t\t\t\t\t\t\t\t\t\t\t\t\t\t\t<a itemprop=\"url\" class=\"eltdf-iwi-icon\" href=\"https:\/\/www.instagram.com\/steelandloft\/\" target=\"_blank\">\n\t\t\t\t\t\t\t\t\t\t<i class=\"eltdf-icon-ion-icon ion-social-linkedin-outline \" ><\/i>\t\t\t\t\t\t\t\t\t\t\t<\/a>\n\t\t\t\t\t\t\t\t\t\t\t\t\t\t\t\t\t\t\t\t<a itemprop=\"url\" class=\"eltdf-iwi-icon\" href=\"https:\/\/twitter.com\/\" target=\"_blank\">\n\t\t\t\t\t\t\t\t\t\t<i class=\"eltdf-icon-ion-icon ion-social-twitter \" ><\/i>\t\t\t\t\t\t\t\t\t\t\t<\/a>\n\t\t\t\t\t\t\t\t\t\t\t\t\t\t\t\t\t\t\t\t<a itemprop=\"url\" class=\"eltdf-iwi-icon\" href=\"https:\/\/www.tumblr.com\/\" target=\"_blank\">\n\t\t\t\t\t\t\t\t\t\t<i class=\"eltdf-icon-ion-icon ion-social-tumblr \" ><\/i>\t\t\t\t\t\t\t\t\t\t\t<\/a>\n\t\t\t\t\t\t\t\t\t\t\t\t<\/div>\n\t\t<\/div>\n\t\t<div class=\"eltdf-iwi-content\">\n\t\t\t\t\t\t\t<span class=\"eltdf-iwi-title\">\n\t\t\t\t\tWORKTOPS AND KITCHEN ISLANDS\t\t\t\t<\/span>\n\t\t\t\t\t\t<div class=\"eltdf-separator-holder clearfix   \">\n\t<div class=\"eltdf-separator\" ><\/div>\n<\/div>\n\t\t\t\t\t\t\t<p class=\"eltdf-iwi-text\">\n\t\t\t\t\tThe principles which govern the industrial style are: open and illuminated spaces, colours based on the colours of the earth, durability and naturalness of materials and simplicity of form. We create our furniture with passion for beautiful things and respect for the earth&#039;s resources. We are inspired by Spanish design and Scandinavian austerity of form. This is also where a large part of our realisations come from.\t\t\t\t<\/p>\n\t\t\t\t\t\t\t\t<\/div>\n\t<\/div>\n<\/div>\t\t<\/div>\n\t<\/div>\n<\/div>\n\n<\/div>[\/vc_column][vc_column width=&#8221;1\/4&#8243;][\/vc_column][\/vc_row][vc_row row_content_width=&#8221;grid&#8221; content_text_aligment=&#8221;center&#8221; css=&#8221;.vc_custom_1524816160638{padding-bottom: 143px !important;}&#8221;][vc_column]<div class=\"eltdf-elements-holder   eltdf-one-column  eltdf-responsive-mode-768 \" ><div class=\"eltdf-eh-item     \"  data-item-class=\"eltdf-eh-custom-9808\" data-1366-1600=\"130px 363px 72px\" data-1024-1366=\"130px 251px 72px\" data-768-1024=\"130px 100px 72px\" data-680-768=\"130px 48px 72px\" data-680=\"130px 0 72px\">\n\t\t<div class=\"eltdf-eh-item-inner\">\n\t\t<div class=\"eltdf-eh-item-content eltdf-eh-custom-9808\" style=\"padding: 130px 350px 72px\">\n\t\t\t<div class=\"eltdf-section-title-holder  eltdf-st-standard eltdf-st-title-left eltdf-st-normal-space \" >\n\t<div class=\"eltdf-st-inner\">\n\t\t\t\t\t<h1 class=\"eltdf-st-title\" style=\"color: #080808\">\n\t\t\t\tIn search of inspiration\t\t\t<\/h1>\n\t\t\t\t\t\t\t<div class=\"eltdf-separator-holder clearfix   \">\n\t<div class=\"eltdf-separator\" ><\/div>\n<\/div>\n\t\t\t\t\t\t\t<p class=\"eltdf-st-text\" style=\"font-size: 16px\">\n\t\t\t\tWhen designing furniture or surfaces in loft style we try to capture beauty. We want each of our projects to be unique. In our search for inspiration we came across someone special, who knows how to give artistic form to unusual ideas.\t\t\t<\/p>\n\t\t\t<\/div>\n<\/div>\t\t<\/div>\n\t<\/div>\n<\/div>\n\n<\/div><div class=\"eltdf-elements-holder   eltdf-three-columns  eltdf-responsive-mode-1024 \" ><div class=\"eltdf-eh-item     \"  data-item-class=\"eltdf-eh-custom-6929\" data-1366-1600=\"0 34px 0 27px\" data-1024-1366=\"0 34px 0 27px\" data-768-1024=\"0px 228px 50px\" data-680-768=\"0px 144px 50px\" data-680=\"0px 0 50px\">\n\t\t<div class=\"eltdf-eh-item-inner\">\n\t\t<div class=\"eltdf-eh-item-content eltdf-eh-custom-6929\" style=\"padding: 0 66px 0 51px\">\n\t\t\t\t\t<\/div>\n\t<\/div>\n<\/div>\n\n<div class=\"eltdf-eh-item     \"  data-item-class=\"eltdf-eh-custom-4401\" data-1366-1600=\"0px 31px 0 31px\" data-1024-1366=\"0px 31px 0 31px\" data-768-1024=\"0px 228px 50px\" data-680-768=\"0px 144px 50px\" data-680=\"0px 0 50px\">\n\t\t<div class=\"eltdf-eh-item-inner\">\n\t\t<div class=\"eltdf-eh-item-content eltdf-eh-custom-4401\" style=\"padding: 0px 58px 0 58px\">\n\t\t\t<div class=\"eltdf-team-holder eltdf-team-info-below-image\">\n\t<div class=\"eltdf-team-inner\">\n\t\t\t\t\t<div class=\"eltdf-team-image\">\n                <img loading=\"lazy\" decoding=\"async\" width=\"643\" height=\"803\" src=\"https:\/\/steelandloft.pl\/wp-content\/uploads\/2020\/12\/mariusz-jeglinski-photographer-186819.jpg\" class=\"attachment-full size-full\" alt=\"\" srcset=\"https:\/\/steelandloft.pl\/wp-content\/uploads\/2020\/12\/mariusz-jeglinski-photographer-186819.jpg 643w, https:\/\/steelandloft.pl\/wp-content\/uploads\/2020\/12\/mariusz-jeglinski-photographer-186819-240x300.jpg 240w, https:\/\/steelandloft.pl\/wp-content\/uploads\/2020\/12\/mariusz-jeglinski-photographer-186819-600x749.jpg 600w\" sizes=\"auto, (max-width: 643px) 100vw, 643px\" \/>\t\t\t<\/div>\n\t\t\t\t<div class=\"eltdf-team-info\">\n\t\t\t\t\t\t\t<h3 class=\"eltdf-team-name\" >MARIUSZ JEGLINSKY<\/h3>\n\t\t\t\t\t\t\t\t\t\t<p class=\"eltdf-team-position\" >Artist<\/p>\n\t\t\t\t\t\t\t\t\t\t\t\t\t<div class=\"eltdf-team-social-holder\">\n\t\t\t\t\t\t\t\t\t\t\t<span class=\"eltdf-team-icon\">    <span class=\"eltdf-icon-shortcode eltdf-normal   \">\n                    <a class=\"\" href=\"https:\/\/www.facebook.com\/\" target=\"_blank\">\n                    <i class=\"eltdf-icon-ion-icon ion-social-facebook eltdf-icon-element\"><\/i>                    <\/a>\n            <\/span>\n<\/span>\n\t\t\t\t\t\t\t\t\t\t\t<span class=\"eltdf-team-icon\">    <span class=\"eltdf-icon-shortcode eltdf-normal   \">\n                    <a class=\"\" href=\"https:\/\/www.linkedin.com\/\" target=\"_blank\">\n                    <i class=\"eltdf-icon-ion-icon ion-social-linkedin eltdf-icon-element\"><\/i>                    <\/a>\n            <\/span>\n<\/span>\n\t\t\t\t\t\t\t\t\t\t\t<span class=\"eltdf-team-icon\">    <span class=\"eltdf-icon-shortcode eltdf-normal   \">\n                    <a class=\"\" href=\"https:\/\/twitter.com\/\" target=\"_blank\">\n                    <i class=\"eltdf-icon-ion-icon ion-social-twitter eltdf-icon-element\"><\/i>                    <\/a>\n            <\/span>\n<\/span>\n\t\t\t\t\t\t\t\t\t\t\t<span class=\"eltdf-team-icon\">    <span class=\"eltdf-icon-shortcode eltdf-normal   \">\n                    <a class=\"\" href=\"https:\/\/www.tumblr.com\/\" target=\"_blank\">\n                    <i class=\"eltdf-icon-ion-icon ion-social-tumblr eltdf-icon-element\"><\/i>                    <\/a>\n            <\/span>\n<\/span>\n\t\t\t\t\t\t\t\t\t<\/div>\n\t\t\t\t\t<\/div>\n\t<\/div>\n<\/div>\t\t<\/div>\n\t<\/div>\n<\/div>\n\n<div class=\"eltdf-eh-item     \"  data-item-class=\"eltdf-eh-custom-5872\" data-1366-1600=\"0px 28px 0 34px\" data-1024-1366=\"0px 28px 0 34px\" data-768-1024=\"0px 228px 7px\" data-680-768=\"0px 144px 0px\" data-680=\"0px 0 0px\">\n\t\t<div class=\"eltdf-eh-item-inner\">\n\t\t<div class=\"eltdf-eh-item-content eltdf-eh-custom-5872\" style=\"padding: 0px 51px 0 66px\">\n\t\t\t\t\t<\/div>\n\t<\/div>\n<\/div>\n\n<\/div>[\/vc_column][\/vc_row]<\/p>\n","protected":false},"excerpt":{"rendered":"<p>[vc_row row_content_width=&#8221;grid&#8221; disable_background_image=&#8221;&#8221; simple_background_image=&#8221;4215&#8243;][vc_column offset=&#8221;vc_col-lg-3 vc_col-md-12 vc_col-xs-12&#8243;][\/vc_column][vc_column offset=&#8221;vc_col-lg-9 vc_col-md-12 vc_col-xs-12&#8243;][\/vc_column][\/vc_row][vc_row row_content_width=&#8221;grid&#8221; disable_background_image=&#8221;&#8221; css=&#8221;.vc_custom_1614379185129{background-position: center !important;background-repeat: no-repeat !important;background-size: cover !important;}&#8221; simple_background_image=&#8221;581&#8243;][vc_column offset=&#8221;vc_col-lg-9 vc_col-md-12 vc_col-xs-12&#8243;][\/vc_column][vc_column width=&#8221;1\/4&#8243;][\/vc_column][\/vc_row][vc_row row_content_width=&#8221;grid&#8221; content_text_aligment=&#8221;center&#8221; css=&#8221;.vc_custom_1524816160638{padding-bottom: 143px !important;}&#8221;][vc_column][\/vc_column][\/vc_row]<\/p>\n","protected":false},"author":1,"featured_media":7745,"parent":0,"menu_order":0,"comment_status":"closed","ping_status":"closed","template":"full-width.php","meta":{"footnotes":""},"class_list":["post-6466","page","type-page","status-publish","has-post-thumbnail","hentry"],"yoast_head":"<!-- This site is optimized with the Yoast SEO plugin v22.3 - https:\/\/yoast.com\/wordpress\/plugins\/seo\/ -->\n<title>Loft furniture and built-in furniture - Drzwi loftowe, \u015bcianki loftowe, meble loftowe-SteelandLoft<\/title>\n<meta name=\"robots\" content=\"index, follow, max-snippet:-1, max-image-preview:large, max-video-preview:-1\" \/>\n<link rel=\"canonical\" href=\"https:\/\/steelandloft.pl\/en\/loft-furniture-and-built-in-furniture\/\" \/>\n<meta property=\"og:locale\" content=\"en_US\" \/>\n<meta property=\"og:type\" content=\"article\" \/>\n<meta property=\"og:title\" content=\"Loft furniture and built-in furniture - Drzwi loftowe, \u015bcianki loftowe, meble loftowe-SteelandLoft\" \/>\n<meta property=\"og:description\" content=\"[vc_row row_content_width=&#8221;grid&#8221; disable_background_image=&#8221;&#8221; simple_background_image=&#8221;4215&#8243;][vc_column offset=&#8221;vc_col-lg-3 vc_col-md-12 vc_col-xs-12&#8243;][\/vc_column][vc_column offset=&#8221;vc_col-lg-9 vc_col-md-12 vc_col-xs-12&#8243;][\/vc_column][\/vc_row][vc_row row_content_width=&#8221;grid&#8221; disable_background_image=&#8221;&#8221; css=&#8221;.vc_custom_1614379185129{background-position: center !important;background-repeat: no-repeat !important;background-size: cover !important;}&#8221; simple_background_image=&#8221;581&#8243;][vc_column offset=&#8221;vc_col-lg-9 vc_col-md-12 vc_col-xs-12&#8243;][\/vc_column][vc_column width=&#8221;1\/4&#8243;][\/vc_column][\/vc_row][vc_row row_content_width=&#8221;grid&#8221; content_text_aligment=&#8221;center&#8221; css=&#8221;.vc_custom_1524816160638{padding-bottom: 143px !important;}&#8221;][vc_column][\/vc_column][\/vc_row]\" \/>\n<meta property=\"og:url\" content=\"https:\/\/steelandloft.pl\/en\/loft-furniture-and-built-in-furniture\/\" \/>\n<meta property=\"og:site_name\" content=\"Drzwi loftowe, \u015bcianki loftowe, meble loftowe-SteelandLoft\" \/>\n<meta property=\"og:image\" content=\"https:\/\/steelandloft.pl\/wp-content\/uploads\/2023\/08\/polki-loftowe-meble-warszawa.jpg\" \/>\n\t<meta property=\"og:image:width\" content=\"2048\" \/>\n\t<meta property=\"og:image:height\" content=\"1536\" \/>\n\t<meta property=\"og:image:type\" content=\"image\/jpeg\" \/>\n<meta name=\"twitter:card\" content=\"summary_large_image\" \/>\n<meta name=\"twitter:label1\" content=\"Est. reading time\" \/>\n\t<meta name=\"twitter:data1\" content=\"3 minutes\" \/>\n<script type=\"application\/ld+json\" class=\"yoast-schema-graph\">{\"@context\":\"https:\/\/schema.org\",\"@graph\":[{\"@type\":\"WebPage\",\"@id\":\"https:\/\/steelandloft.pl\/en\/loft-furniture-and-built-in-furniture\/\",\"url\":\"https:\/\/steelandloft.pl\/en\/loft-furniture-and-built-in-furniture\/\",\"name\":\"Loft furniture and built-in furniture - Drzwi loftowe, \u015bcianki loftowe, meble loftowe-SteelandLoft\",\"isPartOf\":{\"@id\":\"https:\/\/steelandloft.pl\/#website\"},\"primaryImageOfPage\":{\"@id\":\"https:\/\/steelandloft.pl\/en\/loft-furniture-and-built-in-furniture\/#primaryimage\"},\"image\":{\"@id\":\"https:\/\/steelandloft.pl\/en\/loft-furniture-and-built-in-furniture\/#primaryimage\"},\"thumbnailUrl\":\"https:\/\/steelandloft.pl\/wp-content\/uploads\/2023\/08\/polki-loftowe-meble-warszawa.jpg\",\"datePublished\":\"2021-03-13T00:55:41+00:00\",\"dateModified\":\"2021-03-13T00:55:41+00:00\",\"breadcrumb\":{\"@id\":\"https:\/\/steelandloft.pl\/en\/loft-furniture-and-built-in-furniture\/#breadcrumb\"},\"inLanguage\":\"en-US\",\"potentialAction\":[{\"@type\":\"ReadAction\",\"target\":[\"https:\/\/steelandloft.pl\/en\/loft-furniture-and-built-in-furniture\/\"]}]},{\"@type\":\"ImageObject\",\"inLanguage\":\"en-US\",\"@id\":\"https:\/\/steelandloft.pl\/en\/loft-furniture-and-built-in-furniture\/#primaryimage\",\"url\":\"https:\/\/steelandloft.pl\/wp-content\/uploads\/2023\/08\/polki-loftowe-meble-warszawa.jpg\",\"contentUrl\":\"https:\/\/steelandloft.pl\/wp-content\/uploads\/2023\/08\/polki-loftowe-meble-warszawa.jpg\",\"width\":2048,\"height\":1536,\"caption\":\"meble loft warszawa\"},{\"@type\":\"BreadcrumbList\",\"@id\":\"https:\/\/steelandloft.pl\/en\/loft-furniture-and-built-in-furniture\/#breadcrumb\",\"itemListElement\":[{\"@type\":\"ListItem\",\"position\":1,\"name\":\"Strona g\u0142\u00f3wna\",\"item\":\"https:\/\/steelandloft.pl\/en\/loft-doors-loft-walls-loft-furniture-steel-and-loft\/\"},{\"@type\":\"ListItem\",\"position\":2,\"name\":\"Loft furniture and built-in furniture\"}]},{\"@type\":\"WebSite\",\"@id\":\"https:\/\/steelandloft.pl\/#website\",\"url\":\"https:\/\/steelandloft.pl\/\",\"name\":\"Drzwi loftowe, \u015bcianki loftowe, meble loftowe-SteelandLoft\",\"description\":\"Producent drzwi loftowych, \u015bcianek loftowych, mebli industrialnych w Warszawie. Oferujemy produkcje i monta\u017c na wymiar.\",\"potentialAction\":[{\"@type\":\"SearchAction\",\"target\":{\"@type\":\"EntryPoint\",\"urlTemplate\":\"https:\/\/steelandloft.pl\/?s={search_term_string}\"},\"query-input\":\"required name=search_term_string\"}],\"inLanguage\":\"en-US\"}]}<\/script>\n<!-- \/ Yoast SEO plugin. -->","yoast_head_json":{"title":"Loft furniture and built-in furniture - Drzwi loftowe, \u015bcianki loftowe, meble loftowe-SteelandLoft","robots":{"index":"index","follow":"follow","max-snippet":"max-snippet:-1","max-image-preview":"max-image-preview:large","max-video-preview":"max-video-preview:-1"},"canonical":"https:\/\/steelandloft.pl\/en\/loft-furniture-and-built-in-furniture\/","og_locale":"en_US","og_type":"article","og_title":"Loft furniture and built-in furniture - Drzwi loftowe, \u015bcianki loftowe, meble loftowe-SteelandLoft","og_description":"[vc_row row_content_width=&#8221;grid&#8221; disable_background_image=&#8221;&#8221; simple_background_image=&#8221;4215&#8243;][vc_column offset=&#8221;vc_col-lg-3 vc_col-md-12 vc_col-xs-12&#8243;][\/vc_column][vc_column offset=&#8221;vc_col-lg-9 vc_col-md-12 vc_col-xs-12&#8243;][\/vc_column][\/vc_row][vc_row row_content_width=&#8221;grid&#8221; disable_background_image=&#8221;&#8221; css=&#8221;.vc_custom_1614379185129{background-position: center !important;background-repeat: no-repeat !important;background-size: cover !important;}&#8221; simple_background_image=&#8221;581&#8243;][vc_column offset=&#8221;vc_col-lg-9 vc_col-md-12 vc_col-xs-12&#8243;][\/vc_column][vc_column width=&#8221;1\/4&#8243;][\/vc_column][\/vc_row][vc_row row_content_width=&#8221;grid&#8221; content_text_aligment=&#8221;center&#8221; css=&#8221;.vc_custom_1524816160638{padding-bottom: 143px !important;}&#8221;][vc_column][\/vc_column][\/vc_row]","og_url":"https:\/\/steelandloft.pl\/en\/loft-furniture-and-built-in-furniture\/","og_site_name":"Drzwi loftowe, \u015bcianki loftowe, meble loftowe-SteelandLoft","og_image":[{"width":2048,"height":1536,"url":"https:\/\/steelandloft.pl\/wp-content\/uploads\/2023\/08\/polki-loftowe-meble-warszawa.jpg","type":"image\/jpeg"}],"twitter_card":"summary_large_image","twitter_misc":{"Est. reading time":"3 minutes"},"schema":{"@context":"https:\/\/schema.org","@graph":[{"@type":"WebPage","@id":"https:\/\/steelandloft.pl\/en\/loft-furniture-and-built-in-furniture\/","url":"https:\/\/steelandloft.pl\/en\/loft-furniture-and-built-in-furniture\/","name":"Loft furniture and built-in furniture - Drzwi loftowe, \u015bcianki loftowe, meble loftowe-SteelandLoft","isPartOf":{"@id":"https:\/\/steelandloft.pl\/#website"},"primaryImageOfPage":{"@id":"https:\/\/steelandloft.pl\/en\/loft-furniture-and-built-in-furniture\/#primaryimage"},"image":{"@id":"https:\/\/steelandloft.pl\/en\/loft-furniture-and-built-in-furniture\/#primaryimage"},"thumbnailUrl":"https:\/\/steelandloft.pl\/wp-content\/uploads\/2023\/08\/polki-loftowe-meble-warszawa.jpg","datePublished":"2021-03-13T00:55:41+00:00","dateModified":"2021-03-13T00:55:41+00:00","breadcrumb":{"@id":"https:\/\/steelandloft.pl\/en\/loft-furniture-and-built-in-furniture\/#breadcrumb"},"inLanguage":"en-US","potentialAction":[{"@type":"ReadAction","target":["https:\/\/steelandloft.pl\/en\/loft-furniture-and-built-in-furniture\/"]}]},{"@type":"ImageObject","inLanguage":"en-US","@id":"https:\/\/steelandloft.pl\/en\/loft-furniture-and-built-in-furniture\/#primaryimage","url":"https:\/\/steelandloft.pl\/wp-content\/uploads\/2023\/08\/polki-loftowe-meble-warszawa.jpg","contentUrl":"https:\/\/steelandloft.pl\/wp-content\/uploads\/2023\/08\/polki-loftowe-meble-warszawa.jpg","width":2048,"height":1536,"caption":"meble loft warszawa"},{"@type":"BreadcrumbList","@id":"https:\/\/steelandloft.pl\/en\/loft-furniture-and-built-in-furniture\/#breadcrumb","itemListElement":[{"@type":"ListItem","position":1,"name":"Strona g\u0142\u00f3wna","item":"https:\/\/steelandloft.pl\/en\/loft-doors-loft-walls-loft-furniture-steel-and-loft\/"},{"@type":"ListItem","position":2,"name":"Loft furniture and built-in furniture"}]},{"@type":"WebSite","@id":"https:\/\/steelandloft.pl\/#website","url":"https:\/\/steelandloft.pl\/","name":"Drzwi loftowe, \u015bcianki loftowe, meble loftowe-SteelandLoft","description":"Producent drzwi loftowych, \u015bcianek loftowych, mebli industrialnych w Warszawie. Oferujemy produkcje i monta\u017c na wymiar.","potentialAction":[{"@type":"SearchAction","target":{"@type":"EntryPoint","urlTemplate":"https:\/\/steelandloft.pl\/?s={search_term_string}"},"query-input":"required name=search_term_string"}],"inLanguage":"en-US"}]}},"_links":{"self":[{"href":"https:\/\/steelandloft.pl\/en\/wp-json\/wp\/v2\/pages\/6466","targetHints":{"allow":["GET"]}}],"collection":[{"href":"https:\/\/steelandloft.pl\/en\/wp-json\/wp\/v2\/pages"}],"about":[{"href":"https:\/\/steelandloft.pl\/en\/wp-json\/wp\/v2\/types\/page"}],"author":[{"embeddable":true,"href":"https:\/\/steelandloft.pl\/en\/wp-json\/wp\/v2\/users\/1"}],"replies":[{"embeddable":true,"href":"https:\/\/steelandloft.pl\/en\/wp-json\/wp\/v2\/comments?post=6466"}],"version-history":[{"count":1,"href":"https:\/\/steelandloft.pl\/en\/wp-json\/wp\/v2\/pages\/6466\/revisions"}],"predecessor-version":[{"id":6469,"href":"https:\/\/steelandloft.pl\/en\/wp-json\/wp\/v2\/pages\/6466\/revisions\/6469"}],"wp:featuredmedia":[{"embeddable":true,"href":"https:\/\/steelandloft.pl\/en\/wp-json\/wp\/v2\/media\/7745"}],"wp:attachment":[{"href":"https:\/\/steelandloft.pl\/en\/wp-json\/wp\/v2\/media?parent=6466"}],"curies":[{"name":"wp","href":"https:\/\/api.w.org\/{rel}","templated":true}]}}