{"id":6420,"date":"2021-03-13T01:00:55","date_gmt":"2021-03-13T00:00:55","guid":{"rendered":"https:\/\/steelandloft.pl\/?page_id=6420"},"modified":"2021-03-13T02:55:43","modified_gmt":"2021-03-13T01:55:43","slug":"our-work","status":"publish","type":"page","link":"https:\/\/steelandloft.pl\/en\/our-work\/","title":{"rendered":"Our work"},"content":{"rendered":"<p>[vc_row row_content_width=&#8221;grid&#8221; css=&#8221;.vc_custom_1524060276350{padding-bottom: 60px !important;}&#8221;][vc_column]<div class=\"eltdf-portfolio-list-holder eltdf-pl-gallery eltdf-normal-space eltdf-pl-one-column eltdf-pl-hover-overlay    eltdf-pl-pag-load-more       eltdf-info-skin-light eltdf-info-position-middle\"  data-type=gallery data-item-type=gallery data-number-of-columns=1 data-space-between-items=normal data-number-of-items=6 data-image-proportions=full data-enable-fixed-proportions=no data-enable-image-shadow=no data-selected-projects=6425,6433,6454 data-orderby=ID data-order=ASC data-item-style=hover-overlay data-enable-title=yes data-title-tag=h3 data-enable-category=yes data-enable-count-images=no data-overlay-color=rgba(0,0,0,0.16) data-info-skin=light data-info-position=middle data-pagination-type=load-more data-filter=no data-filter-order-by=name data-enable-article-animation=no data-portfolio-slider-on=no data-enable-loop=yes data-enable-autoplay=yes data-slider-speed=5000 data-slider-speed-animation=600 data-enable-navigation=yes data-enable-pagination=yes data-max-num-pages=1 data-next-page=2>\n\t\t<div class=\"eltdf-pl-inner eltdf-outer-space  clearfix\">\n\t\t\t\t<article class=\"eltdf-pl-item eltdf-item-space  post-6425 portfolio-item type-portfolio-item status-publish has-post-thumbnail hentry\">\n\t<div class=\"eltdf-pl-item-inner\">\n\t\t<div class=\"eltdf-pli-image\">\n\t<img loading=\"lazy\" decoding=\"async\" width=\"2560\" height=\"1920\" src=\"https:\/\/steelandloft.pl\/wp-content\/uploads\/2018\/04\/drzwi-loftowe-harmonijkowe-warszawa-scaled.jpg\" class=\"attachment-full size-full wp-post-image\" alt=\"drzwi industrialne\" srcset=\"https:\/\/steelandloft.pl\/wp-content\/uploads\/2018\/04\/drzwi-loftowe-harmonijkowe-warszawa-scaled.jpg 2560w, https:\/\/steelandloft.pl\/wp-content\/uploads\/2018\/04\/drzwi-loftowe-harmonijkowe-warszawa-300x225.jpg 300w, https:\/\/steelandloft.pl\/wp-content\/uploads\/2018\/04\/drzwi-loftowe-harmonijkowe-warszawa-1024x768.jpg 1024w, https:\/\/steelandloft.pl\/wp-content\/uploads\/2018\/04\/drzwi-loftowe-harmonijkowe-warszawa-768x576.jpg 768w, https:\/\/steelandloft.pl\/wp-content\/uploads\/2018\/04\/drzwi-loftowe-harmonijkowe-warszawa-1536x1152.jpg 1536w\" sizes=\"auto, (max-width: 2560px) 100vw, 2560px\" \/><\/div>\n<div class=\"eltdf-pli-text-holder\" style=\"background-color: rgba(0,0,0,0.16)\">\n\t<div class=\"eltdf-pli-text-wrapper\">\n\t\t<div class=\"eltdf-pli-text\">\n\t\t\t\t<h3 itemprop=\"name\" class=\"eltdf-pli-title entry-title\" >\n\t\tIndustrial doors\t<\/h3>\n\n\t\t\t\n\t\t\t\t\t<\/div>\n\t<\/div>\n<\/div>\t\t\n\t\t\t<\/div>\n<\/article><article class=\"eltdf-pl-item eltdf-item-space  post-6433 portfolio-item type-portfolio-item status-publish has-post-thumbnail hentry\">\n\t<div class=\"eltdf-pl-item-inner\">\n\t\t<div class=\"eltdf-pli-image\">\n\t<img loading=\"lazy\" decoding=\"async\" width=\"960\" height=\"480\" src=\"https:\/\/steelandloft.pl\/wp-content\/uploads\/2021\/03\/Loft-style-kitchen.jpg\" class=\"attachment-full size-full wp-post-image\" alt=\"\" srcset=\"https:\/\/steelandloft.pl\/wp-content\/uploads\/2021\/03\/Loft-style-kitchen.jpg 960w, https:\/\/steelandloft.pl\/wp-content\/uploads\/2021\/03\/Loft-style-kitchen-300x150.jpg 300w, https:\/\/steelandloft.pl\/wp-content\/uploads\/2021\/03\/Loft-style-kitchen-768x384.jpg 768w\" sizes=\"auto, (max-width: 960px) 100vw, 960px\" \/><\/div>\n<div class=\"eltdf-pli-text-holder\" style=\"background-color: rgba(0,0,0,0.16)\">\n\t<div class=\"eltdf-pli-text-wrapper\">\n\t\t<div class=\"eltdf-pli-text\">\n\t\t\t\t<h3 itemprop=\"name\" class=\"eltdf-pli-title entry-title\" >\n\t\tLoft Kitchen\t<\/h3>\n\n\t\t\t\n\t\t\t\t\t<\/div>\n\t<\/div>\n<\/div>\t\t\n\t\t\t<\/div>\n<\/article><article class=\"eltdf-pl-item eltdf-item-space  post-6454 portfolio-item type-portfolio-item status-publish has-post-thumbnail hentry\">\n\t<div class=\"eltdf-pl-item-inner\">\n\t\t<div class=\"eltdf-pli-image\">\n\t<img loading=\"lazy\" decoding=\"async\" width=\"1000\" height=\"650\" src=\"https:\/\/steelandloft.pl\/wp-content\/uploads\/2021\/03\/Loft-interiors.jpg\" class=\"attachment-full size-full wp-post-image\" alt=\"\" srcset=\"https:\/\/steelandloft.pl\/wp-content\/uploads\/2021\/03\/Loft-interiors.jpg 1000w, https:\/\/steelandloft.pl\/wp-content\/uploads\/2021\/03\/Loft-interiors-300x195.jpg 300w, https:\/\/steelandloft.pl\/wp-content\/uploads\/2021\/03\/Loft-interiors-768x499.jpg 768w\" sizes=\"auto, (max-width: 1000px) 100vw, 1000px\" \/><\/div>\n<div class=\"eltdf-pli-text-holder\" style=\"background-color: rgba(0,0,0,0.16)\">\n\t<div class=\"eltdf-pli-text-wrapper\">\n\t\t<div class=\"eltdf-pli-text\">\n\t\t\t\t<h3 itemprop=\"name\" class=\"eltdf-pli-title entry-title\" >\n\t\tLoft interiors\t<\/h3>\n\n\t\t\t\n\t\t\t\t\t<\/div>\n\t<\/div>\n<\/div>\t\t\n\t\t\t<\/div>\n<\/article>\t\t\t<\/div>\n\t\n\t<\/div>[\/vc_column][\/vc_row]<\/p>\n","protected":false},"excerpt":{"rendered":"<p>[vc_row row_content_width=&#8221;grid&#8221; css=&#8221;.vc_custom_1524060276350{padding-bottom: 60px !important;}&#8221;][vc_column][\/vc_column][\/vc_row]<\/p>\n","protected":false},"author":1,"featured_media":6759,"parent":0,"menu_order":0,"comment_status":"closed","ping_status":"closed","template":"full-width.php","meta":{"footnotes":""},"class_list":["post-6420","page","type-page","status-publish","has-post-thumbnail","hentry"],"yoast_head":"<!-- This site is optimized with the Yoast SEO plugin v22.3 - https:\/\/yoast.com\/wordpress\/plugins\/seo\/ -->\n<title>Our work - Drzwi loftowe, \u015bcianki loftowe, meble loftowe-SteelandLoft<\/title>\n<meta name=\"robots\" content=\"index, follow, max-snippet:-1, max-image-preview:large, max-video-preview:-1\" \/>\n<link rel=\"canonical\" href=\"https:\/\/steelandloft.pl\/en\/our-work\/\" \/>\n<meta property=\"og:locale\" content=\"en_US\" \/>\n<meta property=\"og:type\" content=\"article\" \/>\n<meta property=\"og:title\" content=\"Our work - Drzwi loftowe, \u015bcianki loftowe, meble loftowe-SteelandLoft\" \/>\n<meta property=\"og:description\" content=\"[vc_row row_content_width=&#8221;grid&#8221; css=&#8221;.vc_custom_1524060276350{padding-bottom: 60px !important;}&#8221;][vc_column][\/vc_column][\/vc_row]\" \/>\n<meta property=\"og:url\" content=\"https:\/\/steelandloft.pl\/en\/our-work\/\" \/>\n<meta property=\"og:site_name\" content=\"Drzwi loftowe, \u015bcianki loftowe, meble loftowe-SteelandLoft\" \/>\n<meta property=\"article:modified_time\" content=\"2021-03-13T01:55:43+00:00\" \/>\n<meta property=\"og:image\" content=\"https:\/\/steelandloft.pl\/wp-content\/uploads\/2018\/04\/drzwi-loftowe-harmonijkowe-warszawa-centrum-scaled.jpg\" \/>\n\t<meta property=\"og:image:width\" content=\"2560\" \/>\n\t<meta property=\"og:image:height\" content=\"1440\" \/>\n\t<meta property=\"og:image:type\" content=\"image\/jpeg\" \/>\n<meta name=\"twitter:card\" content=\"summary_large_image\" \/>\n<meta name=\"twitter:label1\" content=\"Est. reading time\" \/>\n\t<meta name=\"twitter:data1\" content=\"1 minute\" \/>\n<script type=\"application\/ld+json\" class=\"yoast-schema-graph\">{\"@context\":\"https:\/\/schema.org\",\"@graph\":[{\"@type\":\"WebPage\",\"@id\":\"https:\/\/steelandloft.pl\/en\/our-work\/\",\"url\":\"https:\/\/steelandloft.pl\/en\/our-work\/\",\"name\":\"Our work - Drzwi loftowe, \u015bcianki loftowe, meble loftowe-SteelandLoft\",\"isPartOf\":{\"@id\":\"https:\/\/steelandloft.pl\/#website\"},\"primaryImageOfPage\":{\"@id\":\"https:\/\/steelandloft.pl\/en\/our-work\/#primaryimage\"},\"image\":{\"@id\":\"https:\/\/steelandloft.pl\/en\/our-work\/#primaryimage\"},\"thumbnailUrl\":\"https:\/\/steelandloft.pl\/wp-content\/uploads\/2018\/04\/drzwi-loftowe-harmonijkowe-warszawa-centrum-scaled.jpg\",\"datePublished\":\"2021-03-13T00:00:55+00:00\",\"dateModified\":\"2021-03-13T01:55:43+00:00\",\"breadcrumb\":{\"@id\":\"https:\/\/steelandloft.pl\/en\/our-work\/#breadcrumb\"},\"inLanguage\":\"en-US\",\"potentialAction\":[{\"@type\":\"ReadAction\",\"target\":[\"https:\/\/steelandloft.pl\/en\/our-work\/\"]}]},{\"@type\":\"ImageObject\",\"inLanguage\":\"en-US\",\"@id\":\"https:\/\/steelandloft.pl\/en\/our-work\/#primaryimage\",\"url\":\"https:\/\/steelandloft.pl\/wp-content\/uploads\/2018\/04\/drzwi-loftowe-harmonijkowe-warszawa-centrum-scaled.jpg\",\"contentUrl\":\"https:\/\/steelandloft.pl\/wp-content\/uploads\/2018\/04\/drzwi-loftowe-harmonijkowe-warszawa-centrum-scaled.jpg\",\"width\":2560,\"height\":1440,\"caption\":\"drzwi loft\"},{\"@type\":\"BreadcrumbList\",\"@id\":\"https:\/\/steelandloft.pl\/en\/our-work\/#breadcrumb\",\"itemListElement\":[{\"@type\":\"ListItem\",\"position\":1,\"name\":\"Strona g\u0142\u00f3wna\",\"item\":\"https:\/\/steelandloft.pl\/en\/loft-doors-loft-walls-loft-furniture-steel-and-loft\/\"},{\"@type\":\"ListItem\",\"position\":2,\"name\":\"Our work\"}]},{\"@type\":\"WebSite\",\"@id\":\"https:\/\/steelandloft.pl\/#website\",\"url\":\"https:\/\/steelandloft.pl\/\",\"name\":\"Drzwi loftowe, \u015bcianki loftowe, meble loftowe-SteelandLoft\",\"description\":\"Producent drzwi loftowych, \u015bcianek loftowych, mebli industrialnych w Warszawie. Oferujemy produkcje i monta\u017c na wymiar.\",\"potentialAction\":[{\"@type\":\"SearchAction\",\"target\":{\"@type\":\"EntryPoint\",\"urlTemplate\":\"https:\/\/steelandloft.pl\/?s={search_term_string}\"},\"query-input\":\"required name=search_term_string\"}],\"inLanguage\":\"en-US\"}]}<\/script>\n<!-- \/ Yoast SEO plugin. -->","yoast_head_json":{"title":"Our work - Drzwi loftowe, \u015bcianki loftowe, meble loftowe-SteelandLoft","robots":{"index":"index","follow":"follow","max-snippet":"max-snippet:-1","max-image-preview":"max-image-preview:large","max-video-preview":"max-video-preview:-1"},"canonical":"https:\/\/steelandloft.pl\/en\/our-work\/","og_locale":"en_US","og_type":"article","og_title":"Our work - Drzwi loftowe, \u015bcianki loftowe, meble loftowe-SteelandLoft","og_description":"[vc_row row_content_width=&#8221;grid&#8221; css=&#8221;.vc_custom_1524060276350{padding-bottom: 60px !important;}&#8221;][vc_column][\/vc_column][\/vc_row]","og_url":"https:\/\/steelandloft.pl\/en\/our-work\/","og_site_name":"Drzwi loftowe, \u015bcianki loftowe, meble loftowe-SteelandLoft","article_modified_time":"2021-03-13T01:55:43+00:00","og_image":[{"width":2560,"height":1440,"url":"https:\/\/steelandloft.pl\/wp-content\/uploads\/2018\/04\/drzwi-loftowe-harmonijkowe-warszawa-centrum-scaled.jpg","type":"image\/jpeg"}],"twitter_card":"summary_large_image","twitter_misc":{"Est. reading time":"1 minute"},"schema":{"@context":"https:\/\/schema.org","@graph":[{"@type":"WebPage","@id":"https:\/\/steelandloft.pl\/en\/our-work\/","url":"https:\/\/steelandloft.pl\/en\/our-work\/","name":"Our work - Drzwi loftowe, \u015bcianki loftowe, meble loftowe-SteelandLoft","isPartOf":{"@id":"https:\/\/steelandloft.pl\/#website"},"primaryImageOfPage":{"@id":"https:\/\/steelandloft.pl\/en\/our-work\/#primaryimage"},"image":{"@id":"https:\/\/steelandloft.pl\/en\/our-work\/#primaryimage"},"thumbnailUrl":"https:\/\/steelandloft.pl\/wp-content\/uploads\/2018\/04\/drzwi-loftowe-harmonijkowe-warszawa-centrum-scaled.jpg","datePublished":"2021-03-13T00:00:55+00:00","dateModified":"2021-03-13T01:55:43+00:00","breadcrumb":{"@id":"https:\/\/steelandloft.pl\/en\/our-work\/#breadcrumb"},"inLanguage":"en-US","potentialAction":[{"@type":"ReadAction","target":["https:\/\/steelandloft.pl\/en\/our-work\/"]}]},{"@type":"ImageObject","inLanguage":"en-US","@id":"https:\/\/steelandloft.pl\/en\/our-work\/#primaryimage","url":"https:\/\/steelandloft.pl\/wp-content\/uploads\/2018\/04\/drzwi-loftowe-harmonijkowe-warszawa-centrum-scaled.jpg","contentUrl":"https:\/\/steelandloft.pl\/wp-content\/uploads\/2018\/04\/drzwi-loftowe-harmonijkowe-warszawa-centrum-scaled.jpg","width":2560,"height":1440,"caption":"drzwi loft"},{"@type":"BreadcrumbList","@id":"https:\/\/steelandloft.pl\/en\/our-work\/#breadcrumb","itemListElement":[{"@type":"ListItem","position":1,"name":"Strona g\u0142\u00f3wna","item":"https:\/\/steelandloft.pl\/en\/loft-doors-loft-walls-loft-furniture-steel-and-loft\/"},{"@type":"ListItem","position":2,"name":"Our work"}]},{"@type":"WebSite","@id":"https:\/\/steelandloft.pl\/#website","url":"https:\/\/steelandloft.pl\/","name":"Drzwi loftowe, \u015bcianki loftowe, meble loftowe-SteelandLoft","description":"Producent drzwi loftowych, \u015bcianek loftowych, mebli industrialnych w Warszawie. Oferujemy produkcje i monta\u017c na wymiar.","potentialAction":[{"@type":"SearchAction","target":{"@type":"EntryPoint","urlTemplate":"https:\/\/steelandloft.pl\/?s={search_term_string}"},"query-input":"required name=search_term_string"}],"inLanguage":"en-US"}]}},"_links":{"self":[{"href":"https:\/\/steelandloft.pl\/en\/wp-json\/wp\/v2\/pages\/6420","targetHints":{"allow":["GET"]}}],"collection":[{"href":"https:\/\/steelandloft.pl\/en\/wp-json\/wp\/v2\/pages"}],"about":[{"href":"https:\/\/steelandloft.pl\/en\/wp-json\/wp\/v2\/types\/page"}],"author":[{"embeddable":true,"href":"https:\/\/steelandloft.pl\/en\/wp-json\/wp\/v2\/users\/1"}],"replies":[{"embeddable":true,"href":"https:\/\/steelandloft.pl\/en\/wp-json\/wp\/v2\/comments?post=6420"}],"version-history":[{"count":5,"href":"https:\/\/steelandloft.pl\/en\/wp-json\/wp\/v2\/pages\/6420\/revisions"}],"predecessor-version":[{"id":6464,"href":"https:\/\/steelandloft.pl\/en\/wp-json\/wp\/v2\/pages\/6420\/revisions\/6464"}],"wp:featuredmedia":[{"embeddable":true,"href":"https:\/\/steelandloft.pl\/en\/wp-json\/wp\/v2\/media\/6759"}],"wp:attachment":[{"href":"https:\/\/steelandloft.pl\/en\/wp-json\/wp\/v2\/media?parent=6420"}],"curies":[{"name":"wp","href":"https:\/\/api.w.org\/{rel}","templated":true}]}}